{"id":377,"date":"2022-08-08T02:02:47","date_gmt":"2022-08-07T23:02:47","guid":{"rendered":"https:\/\/www.turkmenhairtransplant.com\/?page_id=377"},"modified":"2022-12-13T16:00:31","modified_gmt":"2022-12-13T13:00:31","slug":"frequently-asked-questions","status":"publish","type":"page","link":"https:\/\/turkmenhairtransplant.com\/en\/frequently-asked-questions\/","title":{"rendered":"Frequently Asked Questions"},"content":{"rendered":"<div id=\"tdi_1\" class=\"tdc-zone\"><div class=\"tdc_zone tdi_2  wpb_row td-pb-row\"  >\n<style scoped>\n\n\/* custom css *\/\n.tdi_2{\r\n                    min-height: 0;\r\n                }\n<\/style><div id=\"tdi_3\" class=\"tdc-row\"><div class=\"vc_row tdi_4  wpb_row td-pb-row\" >\n<style scoped>\n\n\/* custom css *\/\n.tdi_4,\r\n                .tdi_4 .tdc-columns{\r\n                    min-height: 0;\r\n                }.tdi_4,\r\n\t\t\t\t.tdi_4 .tdc-columns{\r\n\t\t\t\t    display: block;\r\n\t\t\t\t}.tdi_4 .tdc-columns{\r\n\t\t\t\t    width: 100%;\r\n\t\t\t\t}\n<\/style><div class=\"vc_column tdi_6  wpb_column vc_column_container tdc-column td-pb-span12\">\n<style scoped>\n\n\/* custom css *\/\n.tdi_6{\r\n                    vertical-align: baseline;\r\n                }.tdi_6 > .wpb_wrapper,\r\n\t\t\t\t.tdi_6 > .wpb_wrapper > .tdc-elements{\r\n\t\t\t\t    display: block;\r\n\t\t\t\t}.tdi_6 > .wpb_wrapper > .tdc-elements{\r\n\t\t\t\t    width: 100%;\r\n\t\t\t\t}.tdi_6 > .wpb_wrapper > .vc_row_inner{\r\n\t\t\t\t    width: auto;\r\n\t\t\t\t}.tdi_6 > .wpb_wrapper{\r\n\t\t\t\t    width: auto;\r\n\t\t\t\t    height: auto;\r\n\t\t\t\t}\n<\/style><div class=\"wpb_wrapper\"><div class=\"td_block_wrap td_block_text_with_title tdi_7 tagdiv-type td-pb-border-top td_block_template_1\"  data-td-block-uid=\"tdi_7\" >\n<style>\n\n\/* inline tdc_css att *\/\n\n.tdi_7{\nmargin-top:50px !important;\nposition:relative;\n}\n\n<\/style>\n<style>\n\/* custom css *\/\n.td_block_text_with_title{\r\n                  margin-bottom: 44px;\r\n                  -webkit-transform: translateZ(0);\r\n                  transform: translateZ(0);\r\n                }.td_block_text_with_title p:last-child{\r\n                  margin-bottom: 0;\r\n                }\n<\/style>\n<div class=\"tdi_7_rand_style td-element-style\">\n<div class=\"td-element-style-before\"><style>\n.tdi_7_rand_style > .td-element-style-before {\ncontent:'' !important;\nwidth:100% !important;\nheight:100% !important;\nposition:absolute !important;\ntop:0 !important;\nleft:0 !important;\ndisplay:block !important;\nz-index:0 !important;\nbackground-image:url(\"https:\/\/www.turkmenhairtransplant.com\/wp-content\/uploads\/2022\/04\/general-pattern-bg-fade.png\") !important;\nbackground-size:cover !important;\nbackground-position:center top !important;\n}\n<\/style><\/div><style> <\/style><\/div><div class=\"td-block-title-wrap\"><h4 class=\"block-title td-block-title\"><span class=\"td-pulldown-size\">Frequently Asked Questions<\/span><\/h4><\/div><div class=\"td_mod_wrap td-fix-index\"><p><strong>How old should I wait to have a hair transplant?<br \/>\n<\/strong><\/p>\n<p>There is no age limit in hair transplantation. It can be performed to all ages depending on the need.<\/p>\n<p><strong>Should I wait for hair loss completely?<\/strong><\/p>\n<p>\u200b\u200bThere is absolutely no need for hair loss completely for hair transplantation. The earlier the correct medical intervention is performed, the better. Many methods used in the treatment of hair transplantation also include procedures for the protection of existing hair.<\/p>\n<p><strong>Do I feel pain during hair transplantation?<\/strong><\/p>\n<p>Generally, local anesthesia is applied during the hair transplant procedure. In addition, in our clinic, needle-free (pressure) local anesthesia and sedation anesthesia applications, as the latest technology, are performed for you to go through an even more comfortable anesthesia phase. In this way, the hair transplantation is painless.<\/p>\n<p><strong>Who can have a hair transplant?<\/strong><\/p>\n<p>Men and women of all ages bothered by the sparse hair can have the hair transplant.<\/p>\n<p><strong>Is it possible to replace the grafts taken from the donor area?<\/strong><\/p>\n<p>Since the grafts taken from the donor area are taken from the follicles and transferred to another place, the hair does not grow in the same place again, but since the extraction is done homogeneously, the existing grafts in the area where the extraction is taken cover the area and ensure the preservation of the aesthetic appearance.<\/p>\n<p><strong>Which areas are preferred as donors if there are not enough hair follicles?<\/strong><\/p>\n<p>If there are not enough hair follicles on the scalp, hair follicles in the chest area or beard roots can be transferred.<\/p>\n<p><strong>When can I return to work after my hair transplantation?<\/strong><\/p>\n<p>If you work in an office environment, you can return to work without waiting, provided you pay extra attention to protecting your hair area. If you are working in open areas where you may be exposed to heavy dust or in a job that requires intense muscle strength, you can return to work comfortably within a maximum of ten days.<\/p>\n<p><strong>When do I get the results of my hair transplantation?<\/strong><\/p>\n<p>The incubation period of the hair transplantation is 3 months. Then gradually the hair starts to grow. The exit velocity of all follicles is not the same due to the blood flow of the body. Up to 60% visible result is expected in the 6th month. The full result is observed at the end of 1 year.<\/p>\n<p><strong>Can I have the hair transplant in summer?<\/strong><\/p>\n<p>Hair transplantation can be performed in any season. There are different factors to consider in each period. In order to guarantee 100% success of your entire treatment, our doctor and our expert consultants constantly inform you about it.<\/p>\n<p><strong>How may I learn what kind of treatment should be applied?<\/strong><\/p>\n<p>You can get information with the free hair analysis on our website, you can ask all your questions to us by filling out the form below, or you can contact us directly via our WhatsApp.<\/p>\n<\/div><\/div><div class=\"vc_row_inner tdi_9  vc_row vc_inner wpb_row td-pb-row\" >\n<style scoped>\n\n\/* custom css *\/\n.tdi_9{\r\n                    position: relative !important;\r\n                    top: 0;\r\n                    transform: none;\r\n                    -webkit-transform: none;\r\n                }.tdi_9,\r\n\t\t\t\t.tdi_9 .tdc-inner-columns{\r\n\t\t\t\t    display: block;\r\n\t\t\t\t}.tdi_9 .tdc-inner-columns{\r\n\t\t\t\t    width: 100%;\r\n\t\t\t\t}\n<\/style><div class=\"vc_column_inner tdi_11  wpb_column vc_column_container tdc-inner-column td-pb-span6\">\n<style scoped>\n\n\/* custom css *\/\n.tdi_11{\r\n                    vertical-align: baseline;\r\n                }.tdi_11 .vc_column-inner > .wpb_wrapper,\r\n\t\t\t\t.tdi_11 .vc_column-inner > .wpb_wrapper .tdc-elements{\r\n\t\t\t\t    display: block;\r\n\t\t\t\t}.tdi_11 .vc_column-inner > .wpb_wrapper .tdc-elements{\r\n\t\t\t\t    width: 100%;\r\n\t\t\t\t}\n<\/style><div class=\"vc_column-inner\"><div class=\"wpb_wrapper\"><div class=\"td_block_wrap td_block_text_with_title tdi_12 tagdiv-type td-pb-border-top td_block_template_3\"  data-td-block-uid=\"tdi_12\" >\n<style>\n.td_block_template_3 .td-block-title {\r\n                font-size: 16px;\r\n                font-weight: 400;\r\n                margin-top: 0;\r\n                margin-bottom: 26px;\r\n                line-height: 31px;\r\n                text-align: left;\r\n            }\r\n            .td_block_template_3 .td-block-title > * {\r\n                background-color: #000;\r\n                color: #fff;\r\n                padding: 0 10px;\r\n            }\r\n            .td_block_template_3 .td-related-title a {\r\n                margin-right: 10px;\r\n            }\r\n            @media (max-width: 767px) {\r\n                .td_block_template_3 .td-related-title a {\r\n                    margin-right: 0;\r\n                    font-size: 14px;\r\n                }\r\n            }\r\n            .td_block_template_3 .td-related-title .td-cur-simple-item {\r\n                background-color: #4db2ec;\r\n            }\r\n            @-moz-document url-prefix() {\r\n                .td_block_template_3 .td-block-title > * {\r\n                    padding-bottom: 2px;\r\n                }\r\n            }\r\n            \r\n            \r\n\r\n            \r\n            .td-theme-wrap .tdi_12 .td-pulldown-filter-link:hover,\r\n            .td-theme-wrap .tdi_12 .td-subcat-item a:hover,\r\n            .td-theme-wrap .tdi_12 .td-subcat-item .td-cur-simple-item,\r\n            .td-theme-wrap .tdi_12 .td-subcat-dropdown:hover .td-subcat-more span,\r\n            .td-theme-wrap .tdi_12 .td-subcat-dropdown:hover .td-subcat-more i {\r\n                color: rgba(0,48,91,0.9);\r\n            }\r\n            \r\n            .td-theme-wrap .tdi_12 .td-block-title > * {\r\n                background-color: rgba(0,48,91,0.9);\r\n            }\r\n\r\n            \r\n            .td-theme-wrap .tdi_12 .td_module_wrap:hover .entry-title a,\r\n            .td-theme-wrap .tdi_12 .td_quote_on_blocks,\r\n            .td-theme-wrap .tdi_12 .td-opacity-cat .td-post-category:hover,\r\n            .td-theme-wrap .tdi_12 .td-opacity-read .td-read-more a:hover,\r\n            .td-theme-wrap .tdi_12 .td-opacity-author .td-post-author-name a:hover,\r\n            .td-theme-wrap .tdi_12 .td-instagram-user a {\r\n                color: rgba(0,48,91,0.9);\r\n            }\r\n\r\n            .td-theme-wrap .tdi_12 .td-next-prev-wrap a:hover,\r\n            .td-theme-wrap .tdi_12 .td-load-more-wrap a:hover {\r\n                background-color: rgba(0,48,91,0.9);\r\n                border-color: rgba(0,48,91,0.9);\r\n            }\r\n\r\n            .td-theme-wrap .tdi_12 .td-read-more a,\r\n            .td-theme-wrap .tdi_12 .td-weather-information:before,\r\n            .td-theme-wrap .tdi_12 .td-weather-week:before,\r\n            .td-theme-wrap .tdi_12 .td-exchange-header:before,\r\n            .td-theme-wrap .td-footer-wrapper .tdi_12 .td-post-category,\r\n            .td-theme-wrap .tdi_12 .td-post-category:hover {\r\n                background-color: rgba(0,48,91,0.9);\r\n            }\n<\/style>\n<style>\n\/* custom css *\/\n.tdi_12,\r\n                .tdi_12 p{\r\n\t\t\t        font-family:\"Helvetica Neue\", Helvetica, Arial, sans-serif !important;font-weight:500 !important;\r\n\t\t        }\n<\/style><div class=\"td-block-title-wrap\"><h4 class=\"td-block-title\"><span class=\"td-pulldown-size\">Leave us a message for all your questions;<\/span><\/h4><\/div><div class=\"td_mod_wrap td-fix-index\"><div role=\"form\" class=\"wpcf7\" id=\"wpcf7-f188-o1\" lang=\"tr-TR\" dir=\"ltr\">\n<div class=\"screen-reader-response\"><p role=\"status\" aria-live=\"polite\" aria-atomic=\"true\"><\/p> <ul><\/ul><\/div>\n<form action=\"\/en\/wp-json\/wp\/v2\/pages\/377#wpcf7-f188-o1\" method=\"post\" class=\"wpcf7-form init cf7mls-no-scroll cf7mls-no-moving-animation\" novalidate=\"novalidate\" data-status=\"init\">\n<div style=\"display: none;\">\n<input type=\"hidden\" name=\"_wpcf7\" value=\"188\" \/>\n<input type=\"hidden\" name=\"_wpcf7_version\" value=\"5.6.3\" \/>\n<input type=\"hidden\" name=\"_wpcf7_locale\" value=\"tr_TR\" \/>\n<input type=\"hidden\" name=\"_wpcf7_unit_tag\" value=\"wpcf7-f188-o1\" \/>\n<input type=\"hidden\" name=\"_wpcf7_container_post\" value=\"0\" \/>\n<input type=\"hidden\" name=\"_wpcf7_posted_data_hash\" value=\"\" \/>\n<\/div>\n<p><label> Ad \/ Soyad :<br \/>\n    <span class=\"wpcf7-form-control-wrap\" data-name=\"your-name\"><input type=\"text\" name=\"your-name\" value=\"\" size=\"40\" class=\"wpcf7-form-control wpcf7-text wpcf7-validates-as-required\" aria-required=\"true\" aria-invalid=\"false\" \/><\/span> <\/label><\/p>\n<p><label> E-Mail :<br \/>\n    <span class=\"wpcf7-form-control-wrap\" data-name=\"your-email\"><input type=\"email\" name=\"your-email\" value=\"\" size=\"40\" class=\"wpcf7-form-control wpcf7-text wpcf7-email wpcf7-validates-as-required wpcf7-validates-as-email\" aria-required=\"true\" aria-invalid=\"false\" \/><\/span> <\/label><\/p>\n<p><label> Telefon :<br \/>\n    <span class=\"wpcf7-form-control-wrap\" data-name=\"your-subject\"><input type=\"text\" name=\"your-subject\" value=\"\" size=\"40\" class=\"wpcf7-form-control wpcf7-text wpcf7-validates-as-required\" aria-required=\"true\" aria-invalid=\"false\" \/><\/span> <\/label><\/p>\n<p><label> Konu :<br \/>\n    <span class=\"wpcf7-form-control-wrap\" data-name=\"your-subject\"><input type=\"text\" name=\"your-subject\" value=\"\" size=\"40\" class=\"wpcf7-form-control wpcf7-text wpcf7-validates-as-required\" aria-required=\"true\" aria-invalid=\"false\" \/><\/span> <\/label><\/p>\n<p><label> Mesaj\u0131n\u0131z :<br \/>\n    <span class=\"wpcf7-form-control-wrap\" data-name=\"your-message\"><textarea name=\"your-message\" cols=\"40\" rows=\"10\" class=\"wpcf7-form-control wpcf7-textarea\" aria-invalid=\"false\"><\/textarea><\/span> <\/label><\/p>\n<p><input type=\"submit\" value=\"Mesaj\u0131n\u0131 G\u00f6nder !\" class=\"wpcf7-form-control has-spinner wpcf7-submit\" \/><\/p>\n<span class=\"wpcf7-form-control-wrap recaptcha\" data-name=\"recaptcha\"><span class=\"wpcf7-form-control g-recaptcha wpcf7-recaptcha\"><\/span><\/span>\n<div class=\"wpcf7-response-output\" aria-hidden=\"true\"><\/div><\/form><\/div>\n<\/div><\/div><\/div><\/div><\/div><div class=\"vc_column_inner tdi_14  wpb_column vc_column_container tdc-inner-column td-pb-span6\">\n<style scoped>\n\n\/* custom css *\/\n.tdi_14{\r\n                    vertical-align: baseline;\r\n                }.tdi_14 .vc_column-inner > .wpb_wrapper,\r\n\t\t\t\t.tdi_14 .vc_column-inner > .wpb_wrapper .tdc-elements{\r\n\t\t\t\t    display: block;\r\n\t\t\t\t}.tdi_14 .vc_column-inner > .wpb_wrapper .tdc-elements{\r\n\t\t\t\t    width: 100%;\r\n\t\t\t\t}\n<\/style><div class=\"vc_column-inner\"><div class=\"wpb_wrapper\"><div class=\"tdm_block td_block_wrap tdm_block_icon_box tdi_15 tdm-content-horiz-left tds_icon_box2_wrap td-pb-border-top td_block_template_1\"  data-td-block-uid=\"tdi_15\" >\n<style>\n.tds_icon_box2_wrap .tds-icon-box{\r\n                  display: inline-block;\r\n                }.tds_icon_box2_wrap .tds-icon-box2:after{\r\n                  display: table;\r\n                  content: '';\r\n                  line-height: 0;\r\n                  clear: both;\r\n                }.tds_icon_box2_wrap .tdm-col-icon,\r\n                .tds_icon_box2_wrap .tdm-col-text{\r\n                  display: table-cell;\r\n                  vertical-align: top;\r\n                }.tds_icon_box2_wrap .icon_box_url_wrap{\r\n                  display: block;\r\n                  position: absolute;\r\n                  top: 0;\r\n                  left: 0;\r\n                  width: 100%;\r\n                  height: 100%;\r\n                }.tdi_16 .tdm-col-icon{\r\n\t\t\t\t    padding-right: 15px;\r\n\t\t\t\t}.tdi_16 .tds-title{\r\n\t\t\t\t    margin-top: 10px;\r\n\t\t\t\t\r\n\t\t\t\t    margin-bottom: -10px;\r\n\t\t\t\t}.tdi_16 .tdm-descr{\r\n\t\t\t\t    margin-bottom: 30px;\r\n\t\t\t\t}\n<\/style><div class=\"tds-icon-box tds-icon-box2 td-fix-index  tdi_16\"><div class=\"tdm-col-icon\">\n<style>\n.tdi_17{\r\n\t\t\t\t    -webkit-transition: all 0.2s ease;\r\n                    -moz-transition: all 0.2s ease;\r\n                    -o-transition: all 0.2s ease;\r\n                    transition: all 0.2s ease;\r\n\t\t\t\t}.tdi_17:before{\r\n\t\t\t\t    -webkit-transition: all 0.2s ease;\r\n                    -moz-transition: all 0.2s ease;\r\n                    -o-transition: all 0.2s ease;\r\n                    transition: all 0.2s ease;\r\n\t\t\t\t\r\n\t\t\t\t\tbackground-color: rgba(0,48,91,0.9);\r\n\t\t\t\t\t-webkit-background-clip: text;\r\n\t\t\t\t\t-webkit-text-fill-color: transparent;\r\n\t\t\t\t}html[class*='ie'] .tdi_17:before{\r\n\t\t\t\t    background: none;\r\n\t\t\t\t\tcolor: rgba(0,48,91,0.9);\r\n\t\t\t\t}.tdi_17 svg{\r\n\t\t\t\t    fill: rgba(0,48,91,0.9);\r\n\t\t\t\t}.tdi_17 svg *{\r\n\t\t\t\t    fill: inherit;\r\n\t\t\t\t}\n\n\/* landscape *\/\n@media (min-width: 1019px) and (max-width: 1140px){\n\n}\n\n\/* portrait *\/\n@media (min-width: 768px) and (max-width: 1018px){\n\n}\n\n\/* phone *\/\n@media (max-width: 767px){\n\n}\n<\/style><i class=\"tds-icon td-icon-whatsapp tdi_17 td-fix-index\"><\/i><\/div><div class=\"tdm-col-text\">\n<style>\n\n<\/style><div class=\"tds-title tds-title1 td-fix-index tdi_18\"><h3 class=\"tdm-title tdm-title-md\">Contact: +90 532 419 98 41<\/h3><\/div><p class=\"tdm-descr td-fix-index\"><\/p>\n<style>\nbody .tdi_19{\r\n\t\t\t\t\tbackground-color: rgba(0,48,91,0.9);\r\n\t\t\t\t}.tdi_19 .tdm-btn-text,\r\n\t\t\t\t.tdi_19 i{\r\n\t\t\t\t\tcolor: #ffffff;\r\n\t\t\t\t}.tdi_19 svg{\r\n\t\t\t\t    fill: #ffffff;\r\n\t\t\t\t}.tdi_19 svg *{\r\n\t\t\t\t    fill: inherit;\r\n\t\t\t\t}body .tdi_19 .tdm-btn-icon:last-child{\r\n\t\t\t\t\tmargin-left: 14px;\r\n\t\t\t\t}.tdi_19{\r\n\t\t\t\t\tbox-shadow:  0px 2px 16px 0px rgba(0, 0, 0, 0.1);\r\n\t\t\t\t}.tdi_19:hover{\r\n\t\t\t\t\tbox-shadow:  0px 2px 26px 0px rgba(0, 0, 0, 0.1);\r\n\t\t\t\t}\n<\/style><div class=\"tds-button td-fix-index\"><a href=\"https:\/\/wa.me\/905324199841\" class=\"tds-button3 tdm-btn tdm-btn-xlg tdi_19\" ><span class=\"tdm-btn-text\">Click to Contact!<\/span><i class=\"tdm-btn-icon tdc-font-fa tdc-font-fa-long-arrow-right\"><\/i><\/a><\/div><\/div><\/div><style>.tdm_block_icon_box .tdm-descr{\r\n                  font-size: 14px;\r\n                  line-height: 24px;\r\n                  -webkit-transition: color 0.2s ease;\r\n                  transition: color 0.2s ease;\r\n                }.tdi_15 .tds-icon-box .tds-icon{\r\n\t\t\t\t    font-size: 80px;\r\n\t\t\t\t    text-align: center;\r\n\t\t\t\t\r\n\t\t\t\t    width: 80px;\r\n\t\t\t\t    height: 80px;\r\n\t\t\t\t    line-height: 80px;\r\n\t\t\t\t}<\/style><\/div><div class=\"tdm_block td_block_wrap tdm_block_icon_box tdi_20 tdm-content-horiz-left tds_icon_box2_wrap td-pb-border-top td_block_template_1\"  data-td-block-uid=\"tdi_20\" >\n<style>\n.tdi_21 .tdm-col-icon{\r\n\t\t\t\t    padding-right: 15px;\r\n\t\t\t\t}.tdi_21 .tds-title{\r\n\t\t\t\t    margin-top: 10px;\r\n\t\t\t\t\r\n\t\t\t\t    margin-bottom: -10px;\r\n\t\t\t\t}.tdi_21 .tdm-descr{\r\n\t\t\t\t    margin-bottom: 30px;\r\n\t\t\t\t}\n<\/style><div class=\"tds-icon-box tds-icon-box2 td-fix-index  tdi_21\"><div class=\"tdm-col-icon\">\n<style>\n.tdi_22{\r\n\t\t\t\t    -webkit-transition: all 0.2s ease;\r\n                    -moz-transition: all 0.2s ease;\r\n                    -o-transition: all 0.2s ease;\r\n                    transition: all 0.2s ease;\r\n\t\t\t\t}.tdi_22:before{\r\n\t\t\t\t    -webkit-transition: all 0.2s ease;\r\n                    -moz-transition: all 0.2s ease;\r\n                    -o-transition: all 0.2s ease;\r\n                    transition: all 0.2s ease;\r\n\t\t\t\t\r\n\t\t\t\t\tbackground-color: rgba(0,48,91,0.9);\r\n\t\t\t\t\t-webkit-background-clip: text;\r\n\t\t\t\t\t-webkit-text-fill-color: transparent;\r\n\t\t\t\t}html[class*='ie'] .tdi_22:before{\r\n\t\t\t\t    background: none;\r\n\t\t\t\t\tcolor: rgba(0,48,91,0.9);\r\n\t\t\t\t}.tdi_22 svg{\r\n\t\t\t\t    fill: rgba(0,48,91,0.9);\r\n\t\t\t\t}.tdi_22 svg *{\r\n\t\t\t\t    fill: inherit;\r\n\t\t\t\t}\n\n\/* landscape *\/\n@media (min-width: 1019px) and (max-width: 1140px){\n\n}\n\n\/* portrait *\/\n@media (min-width: 768px) and (max-width: 1018px){\n\n}\n\n\/* phone *\/\n@media (max-width: 767px){\n\n}\n<\/style><i class=\"tds-icon td-icon-home tdi_22 td-fix-index\"><\/i><\/div><div class=\"tdm-col-text\">\n<style>\n\n<\/style><div class=\"tds-title tds-title1 td-fix-index tdi_23\"><h3 class=\"tdm-title tdm-title-md\">Kad\u0131k\u00f6y \u015eube<\/h3><\/div><p class=\"tdm-descr td-fix-index\">Caddebostan, Ba\u011fdat Cd. No:270\/11, 34728 Kad\u0131k\u00f6y<\/p><\/div><\/div><style>.tdi_20 .tds-icon-box .tds-icon{\r\n\t\t\t\t    font-size: 80px;\r\n\t\t\t\t    text-align: center;\r\n\t\t\t\t\r\n\t\t\t\t    width: 80px;\r\n\t\t\t\t    height: 80px;\r\n\t\t\t\t    line-height: 80px;\r\n\t\t\t\t}<\/style><\/div><div class=\"tdm_block td_block_wrap tdm_block_icon_box tdi_24 tdm-content-horiz-left tds_icon_box2_wrap td-pb-border-top td_block_template_1\"  data-td-block-uid=\"tdi_24\" >\n<style>\n.tdi_25 .tdm-col-icon{\r\n\t\t\t\t    padding-right: 15px;\r\n\t\t\t\t}.tdi_25 .tds-title{\r\n\t\t\t\t    margin-top: 10px;\r\n\t\t\t\t\r\n\t\t\t\t    margin-bottom: -10px;\r\n\t\t\t\t}.tdi_25 .tdm-descr{\r\n\t\t\t\t    margin-bottom: 30px;\r\n\t\t\t\t}\n<\/style><div class=\"tds-icon-box tds-icon-box2 td-fix-index  tdi_25\"><div class=\"tdm-col-icon\">\n<style>\n.tdi_26{\r\n\t\t\t\t    -webkit-transition: all 0.2s ease;\r\n                    -moz-transition: all 0.2s ease;\r\n                    -o-transition: all 0.2s ease;\r\n                    transition: all 0.2s ease;\r\n\t\t\t\t}.tdi_26:before{\r\n\t\t\t\t    -webkit-transition: all 0.2s ease;\r\n                    -moz-transition: all 0.2s ease;\r\n                    -o-transition: all 0.2s ease;\r\n                    transition: all 0.2s ease;\r\n\t\t\t\t\r\n\t\t\t\t\tbackground-color: rgba(0,48,91,0.9);\r\n\t\t\t\t\t-webkit-background-clip: text;\r\n\t\t\t\t\t-webkit-text-fill-color: transparent;\r\n\t\t\t\t}html[class*='ie'] .tdi_26:before{\r\n\t\t\t\t    background: none;\r\n\t\t\t\t\tcolor: rgba(0,48,91,0.9);\r\n\t\t\t\t}.tdi_26 svg{\r\n\t\t\t\t    fill: rgba(0,48,91,0.9);\r\n\t\t\t\t}.tdi_26 svg *{\r\n\t\t\t\t    fill: inherit;\r\n\t\t\t\t}\n\n\/* landscape *\/\n@media (min-width: 1019px) and (max-width: 1140px){\n\n}\n\n\/* portrait *\/\n@media (min-width: 768px) and (max-width: 1018px){\n\n}\n\n\/* phone *\/\n@media (max-width: 767px){\n\n}\n<\/style><i class=\"tds-icon td-icon-home tdi_26 td-fix-index\"><\/i><\/div><div class=\"tdm-col-text\">\n<style>\n\n<\/style><div class=\"tds-title tds-title1 td-fix-index tdi_27\"><h3 class=\"tdm-title tdm-title-md\">Ni\u015fanta\u015f\u0131 \u015eube<\/h3><\/div><p class=\"tdm-descr td-fix-index\">Abdi \u0130pek\u00e7i Cad. Reas\u00fcrans Han 1 Blok \nNo : 57 Kat: 4 Ni\u015fanta\u015f\u0131<\/p><\/div><\/div><style>.tdi_24 .tds-icon-box .tds-icon{\r\n\t\t\t\t    font-size: 80px;\r\n\t\t\t\t    text-align: center;\r\n\t\t\t\t\r\n\t\t\t\t    width: 80px;\r\n\t\t\t\t    height: 80px;\r\n\t\t\t\t    line-height: 80px;\r\n\t\t\t\t}<\/style><\/div><\/div><\/div><\/div><\/div><\/div><\/div><\/div><\/div><\/div><\/div>","protected":false},"excerpt":{"rendered":"","protected":false},"author":1,"featured_media":0,"parent":0,"menu_order":0,"comment_status":"closed","ping_status":"closed","template":"","meta":{"footnotes":""},"class_list":["post-377","page","type-page","status-publish"],"aioseo_notices":[],"_links":{"self":[{"href":"https:\/\/turkmenhairtransplant.com\/en\/wp-json\/wp\/v2\/pages\/377","targetHints":{"allow":["GET"]}}],"collection":[{"href":"https:\/\/turkmenhairtransplant.com\/en\/wp-json\/wp\/v2\/pages"}],"about":[{"href":"https:\/\/turkmenhairtransplant.com\/en\/wp-json\/wp\/v2\/types\/page"}],"author":[{"embeddable":true,"href":"https:\/\/turkmenhairtransplant.com\/en\/wp-json\/wp\/v2\/users\/1"}],"replies":[{"embeddable":true,"href":"https:\/\/turkmenhairtransplant.com\/en\/wp-json\/wp\/v2\/comments?post=377"}],"version-history":[{"count":2,"href":"https:\/\/turkmenhairtransplant.com\/en\/wp-json\/wp\/v2\/pages\/377\/revisions"}],"predecessor-version":[{"id":672,"href":"https:\/\/turkmenhairtransplant.com\/en\/wp-json\/wp\/v2\/pages\/377\/revisions\/672"}],"wp:attachment":[{"href":"https:\/\/turkmenhairtransplant.com\/en\/wp-json\/wp\/v2\/media?parent=377"}],"curies":[{"name":"wp","href":"https:\/\/api.w.org\/{rel}","templated":true}]}}